{"id":6938,"date":"2024-12-30T20:33:37","date_gmt":"2024-12-30T20:33:37","guid":{"rendered":"https:\/\/thepeakplanner.com\/?page_id=6938"},"modified":"2025-09-10T20:47:11","modified_gmt":"2025-09-10T20:47:11","slug":"impressum","status":"publish","type":"page","link":"https:\/\/thepeakplanner.com\/de\/impressum\/","title":{"rendered":"Impressum"},"content":{"rendered":"<div data-elementor-type=\"wp-page\" data-elementor-id=\"6938\" class=\"elementor elementor-6938\">\n\t\t\t\t\t\t<section class=\"elementor-section elementor-top-section elementor-element elementor-element-8dcd13c elementor-section-full_width elementor-section-height-default elementor-section-height-default eltdf-parallax-row-no eltdf-content-aligment-left eltdf-elementor-row-grid-no eltdf-disabled-bg-image-bellow-no\" data-id=\"8dcd13c\" data-element_type=\"section\" data-e-type=\"section\">\n\t\t\t\t\t\t<div class=\"elementor-container elementor-column-gap-default\">\n\t\t\t\t\t<div class=\"elementor-column elementor-col-100 elementor-top-column elementor-element elementor-element-7e0d892\" data-id=\"7e0d892\" data-element_type=\"column\" data-e-type=\"column\">\n\t\t\t<div class=\"elementor-widget-wrap elementor-element-populated\">\n\t\t\t\t\t\t<div class=\"elementor-element elementor-element-b8dea17 elementor-widget-divider--view-line elementor-widget elementor-widget-divider\" data-id=\"b8dea17\" data-element_type=\"widget\" data-e-type=\"widget\" data-widget_type=\"divider.default\">\n\t\t\t\t<div class=\"elementor-widget-container\">\n\t\t\t\t\t\t\t<div class=\"elementor-divider\">\n\t\t\t<span class=\"elementor-divider-separator\">\n\t\t\t\t\t\t<\/span>\n\t\t<\/div>\n\t\t\t\t\t\t<\/div>\n\t\t\t\t<\/div>\n\t\t\t\t\t<\/div>\n\t\t<\/div>\n\t\t\t\t\t<\/div>\n\t\t<\/section>\n\t\t\t\t<section class=\"elementor-section elementor-top-section elementor-element elementor-element-8462741 elementor-section-boxed elementor-section-height-default elementor-section-height-default eltdf-parallax-row-no eltdf-content-aligment-left eltdf-elementor-row-grid-no eltdf-disabled-bg-image-bellow-no\" data-id=\"8462741\" data-element_type=\"section\" data-e-type=\"section\">\n\t\t\t\t\t\t<div class=\"elementor-container elementor-column-gap-default\">\n\t\t\t\t\t<div class=\"elementor-column elementor-col-100 elementor-top-column elementor-element elementor-element-6aa9976\" data-id=\"6aa9976\" data-element_type=\"column\" data-e-type=\"column\">\n\t\t\t<div class=\"elementor-widget-wrap elementor-element-populated\">\n\t\t\t\t\t\t<div class=\"elementor-element elementor-element-036e1f5 elementor-widget elementor-widget-heading\" data-id=\"036e1f5\" data-element_type=\"widget\" data-e-type=\"widget\" data-widget_type=\"heading.default\">\n\t\t\t\t<div class=\"elementor-widget-container\">\n\t\t\t\t\t<h4 class=\"elementor-heading-title elementor-size-default\">Impressum<\/h4>\t\t\t\t<\/div>\n\t\t\t\t<\/div>\n\t\t\t\t\t<\/div>\n\t\t<\/div>\n\t\t\t\t\t<\/div>\n\t\t<\/section>\n\t\t\t\t<section class=\"elementor-section elementor-top-section elementor-element elementor-element-3017aa4 elementor-section-boxed elementor-section-height-default elementor-section-height-default eltdf-parallax-row-no eltdf-content-aligment-left eltdf-elementor-row-grid-no eltdf-disabled-bg-image-bellow-no\" data-id=\"3017aa4\" data-element_type=\"section\" data-e-type=\"section\">\n\t\t\t\t\t\t<div class=\"elementor-container elementor-column-gap-default\">\n\t\t\t\t\t<div class=\"elementor-column elementor-col-50 elementor-top-column elementor-element elementor-element-b28c340\" data-id=\"b28c340\" data-element_type=\"column\" data-e-type=\"column\">\n\t\t\t<div class=\"elementor-widget-wrap elementor-element-populated\">\n\t\t\t\t\t\t<div class=\"elementor-element elementor-element-c77abce elementor-hidden-mobile elementor-widget elementor-widget-image\" data-id=\"c77abce\" data-element_type=\"widget\" data-e-type=\"widget\" data-widget_type=\"image.default\">\n\t\t\t\t<div class=\"elementor-widget-container\">\n\t\t\t\t\t\t\t\t\t\t\t\t\t\t\t<img fetchpriority=\"high\" decoding=\"async\" width=\"300\" height=\"350\" src=\"https:\/\/thepeakplanner.com\/wp-content\/uploads\/2025\/03\/me-blog.png\" class=\"attachment-large size-large wp-image-10012\" alt=\"\" srcset=\"https:\/\/thepeakplanner.com\/wp-content\/uploads\/2025\/03\/me-blog.png 300w, https:\/\/thepeakplanner.com\/wp-content\/uploads\/2025\/03\/me-blog-257x300.png 257w\" sizes=\"(max-width: 300px) 100vw, 300px\" \/>\t\t\t\t\t\t\t\t\t\t\t\t\t\t\t<\/div>\n\t\t\t\t<\/div>\n\t\t\t\t<div class=\"elementor-element elementor-element-19cd246 elementor-hidden-mobile elementor-widget elementor-widget-heading\" data-id=\"19cd246\" data-element_type=\"widget\" data-e-type=\"widget\" data-widget_type=\"heading.default\">\n\t\t\t\t<div class=\"elementor-widget-container\">\n\t\t\t\t\t<h2 class=\"elementor-heading-title elementor-size-default\">Verwandte Themen<\/h2>\t\t\t\t<\/div>\n\t\t\t\t<\/div>\n\t\t\t\t<div class=\"elementor-element elementor-element-7dbeeae elementor-widget__width-initial elementor-hidden-mobile elementor-widget elementor-widget-text-editor\" data-id=\"7dbeeae\" data-element_type=\"widget\" data-e-type=\"widget\" data-widget_type=\"text-editor.default\">\n\t\t\t\t<div class=\"elementor-widget-container\">\n\t\t\t\t\t\t\t\t\t<p><a href=\"https:\/\/thepeakplanner.com\/de\/datenschutzbestimmungen\/\">Datenschutzbestimmungen<\/a><\/p><p><a href=\"https:\/\/thepeakplanner.com\/de\/cookie-policy-eu\/\">Cookie-Politik<\/a><\/p><p><a href=\"https:\/\/thepeakplanner.com\/de\/terms-conditions\/\">Bedingungen und Konditionen<\/a><\/p>\t\t\t\t\t\t\t\t<\/div>\n\t\t\t\t<\/div>\n\t\t\t\t\t<\/div>\n\t\t<\/div>\n\t\t\t\t<div class=\"elementor-column elementor-col-50 elementor-top-column elementor-element elementor-element-0739eb1\" data-id=\"0739eb1\" data-element_type=\"column\" data-e-type=\"column\">\n\t\t\t<div class=\"elementor-widget-wrap elementor-element-populated\">\n\t\t\t\t\t\t<div class=\"elementor-element elementor-element-ba06c3c elementor-widget elementor-widget-text-editor\" data-id=\"ba06c3c\" data-element_type=\"widget\" data-e-type=\"widget\" data-widget_type=\"text-editor.default\">\n\t\t\t\t<div class=\"elementor-widget-container\">\n\t\t\t\t\t\t\t\t\t<h3>Kontakt<\/h3><p>Yan Lisa Larooij<br \/>Glemmtaler Landesstra\u00dfe 685\/4<br \/>5753 Saalbach<br \/>Telefon: +43 664 927 4171<br \/>E-Mail: yanlisa@thepeakplanner.com<\/p><h3>UMSATZSTEUERIDENTIFIKATIONSNUMMER<\/h3><p>Umsatzsteuer-Identifikationsnummer gem\u00e4\u00df \u00a7 27a des Umsatzsteuergesetzes:<br \/>ATU81052218<\/p><h2>EU Online-Streitbeilegung<\/h2><p>Die Europ\u00e4ische Kommission stellt eine Plattform f\u00fcr die Online-Streitbeilegung (ODR) zur Verf\u00fcgung: <a href=\"https:\/\/ec.europa.eu\/consumers\/odr\/\">https:\/\/ec.europa.eu\/consumers\/odr\/ .<\/a><br \/>Unsere E-Mail Adresse finden Sie oben.<\/p><h3>Schlichtung von Verbraucherrechtsstreitigkeiten\/Universelle Schlichtungsstelle<\/h3><p>Wir sind weder bereit noch verpflichtet, an einem Streitbeilegungsverfahren vor einer Verbraucherschlichtungsstelle teilzunehmen.<\/p><p>Quelle: https:\/\/www.e-recht24.de\/impressum-generator.html<\/p><h3>Haftungsausschluss<\/h3><p>Haftung f\u00fcr Inhalte<br \/>Als Dienstanbieter sind wir gem\u00e4\u00df \u00a7 7 Abs.1 TMG f\u00fcr eigene Inhalte auf diesen Seiten nach den allgemeinen Gesetzen verantwortlich. Nach \u00a7\u00a7 8 bis 10 TMG sind wir als Diensteanbieter jedoch nicht verpflichtet, \u00fcbermittelte oder gespeicherte fremde Informationen zu \u00fcberwachen oder nach Umst\u00e4nden zu forschen, die auf eine rechtswidrige T\u00e4tigkeit hinweisen.<\/p><p>Verpflichtungen zur Entfernung oder Sperrung der Nutzung von Informationen nach den allgemeinen Gesetzen bleiben hiervon unber\u00fchrt. Eine diesbez\u00fcgliche Haftung ist jedoch erst ab dem Zeitpunkt der Kenntnis einer konkreten Rechtsverletzung m\u00f6glich. Bei Bekanntwerden von entsprechenden Rechtsverletzungen werden wir diese Inhalte umgehend entfernen.<\/p><h3>Haftung f\u00fcr Links<\/h3><p>Unser Angebot enth\u00e4lt Links zu externen Webseiten Dritter, auf deren Inhalte wir keinen Einfluss haben. Deshalb k\u00f6nnen wir f\u00fcr diese fremden Inhalte auch keine Gew\u00e4hr \u00fcbernehmen. F\u00fcr die Inhalte der verlinkten Seiten ist stets der jeweilige Anbieter oder Betreiber der Seiten verantwortlich. Die verlinkten Seiten wurden zum Zeitpunkt der Verlinkung auf m\u00f6gliche Rechtsverst\u00f6\u00dfe \u00fcberpr\u00fcft. Rechtswidrige Inhalte waren zum Zeitpunkt der Verlinkung nicht erkennbar.<\/p><p>Eine permanente inhaltliche Kontrolle der verlinkten Seiten ist jedoch ohne konkrete Anhaltspunkte einer Rechtsverletzung nicht zumutbar. Bei Bekanntwerden von Rechtsverletzungen werden wir derartige Links umgehend entfernen.<\/p><h3>Urheberrecht<\/h3><p>Die durch die Seitenbetreiber erstellten Inhalte und Werke auf diesen Seiten unterliegen dem \u00f6sterreichischen Urheberrecht. Die Vervielf\u00e4ltigung, Bearbeitung, Verbreitung und jede Art der Verwertung au\u00dferhalb der Grenzen des Urheberrechtes bed\u00fcrfen der schriftlichen Zustimmung des jeweiligen Autors bzw. Erstellers. Downloads und Kopien dieser Seite sind nur f\u00fcr den privaten, nicht kommerziellen Gebrauch gestattet.<\/p><p>Soweit die Inhalte auf dieser Seite nicht vom Betreiber erstellt wurden, werden die Urheberrechte Dritter beachtet. Insbesondere werden Inhalte Dritter als solche gekennzeichnet. Sollten Sie trotzdem auf eine Urheberrechtsverletzung aufmerksam werden, bitten wir um einen entsprechenden Hinweis. Bei Bekanntwerden von Rechtsverletzungen werden wir derartige Inhalte umgehend entfernen.<\/p><h3 data-start=\"104\" data-end=\"133\"><strong data-start=\"104\" data-end=\"133\">Bildnachweis &amp; Copyright<\/strong><\/h3><p class=\"\" data-start=\"135\" data-end=\"304\">Alle auf dieser Website verwendeten Fotos unterliegen dem Urheberrecht und bleiben geistiges Eigentum der jeweiligen Fotografen. Die Bildrechte liegen ausschlie\u00dflich bei:<\/p><p class=\"\" data-start=\"308\" data-end=\"417\"><strong data-start=\"308\" data-end=\"358\">Claudia Weaver - Hochzeitsfotografin Salzburg<\/strong><br data-start=\"358\" data-end=\"361\" \/><a class=\"\" href=\"https:\/\/www.claudiaweaver.com\" target=\"_new\" rel=\"noopener\" data-start=\"363\" data-end=\"417\">www.claudiaweaver.com<\/a><\/p><p class=\"\" data-start=\"421\" data-end=\"532\"><strong data-start=\"421\" data-end=\"477\">Puck Sophio Fotografie - Hochzeitsfotograf Tirol<\/strong><br data-start=\"477\" data-end=\"480\" \/><a class=\"\" href=\"https:\/\/www.pucksophie.eu\/en\/\" target=\"_new\" rel=\"noopener\" data-start=\"482\" data-end=\"532\">www.pucksophie.eu<\/a><\/p><p class=\"\" data-start=\"421\" data-end=\"532\"><strong data-start=\"536\" data-end=\"582\">Foto Elisabeth Eder - Hochzeitsfotografin<\/strong><br data-start=\"582\" data-end=\"585\" \/><a class=\"\" href=\"https:\/\/www.fotoelisabetheder.at\" target=\"_new\" rel=\"noopener\" data-start=\"587\" data-end=\"647\">www.fotoelisabetheder.at<\/a><\/p><p class=\"\" data-start=\"651\" data-end=\"753\"><strong data-start=\"651\" data-end=\"701\">Laura Kr\u00e4he Fotografie - Hochzeitsfotografin<\/strong><br data-start=\"701\" data-end=\"704\" \/><a class=\"\" href=\"https:\/\/laurakraehe.net\/\" target=\"_new\" rel=\"noopener\" data-start=\"706\" data-end=\"753\">www.laurakraehe.net<\/a><\/p><p class=\"\" data-start=\"757\" data-end=\"853\"><strong data-start=\"757\" data-end=\"801\">Reine Gef\u00fchlssache - Verena Wei\u00dfenbacher<\/strong><br data-start=\"801\" data-end=\"804\" \/><a class=\"\" href=\"https:\/\/helloverena.com\/\" target=\"_new\" rel=\"noopener\" data-start=\"806\" data-end=\"853\">www.helloverena.com<\/a><\/p><p class=\"\" data-start=\"857\" data-end=\"948\"><strong data-start=\"857\" data-end=\"902\">Ben Huber - Hochzeitsfotograf Salzburg<\/strong><br data-start=\"902\" data-end=\"905\" \/><a class=\"\" href=\"https:\/\/ben-huber.at\/\" target=\"_new\" rel=\"noopener\" data-start=\"907\" data-end=\"948\">www.ben-huber.at<\/a><\/p><p class=\"\" data-start=\"952\" data-end=\"1064\"><strong data-start=\"952\" data-end=\"1016\">Zelia Akse - Hochzeitsfotografin, Stolwijk, Die Niederlande<\/strong><br data-start=\"1016\" data-end=\"1019\" \/><a class=\"\" href=\"https:\/\/zeliaakse.com\/\" target=\"_new\" rel=\"noopener\" data-start=\"1021\" data-end=\"1064\">www.zeliaakse.com<\/a><\/p><p class=\"\" data-start=\"1066\" data-end=\"1213\">Jedes Bild ist mit dem Namen des jeweiligen Fotografen versehen und gegebenenfalls mit einem direkten Link zu dessen Website.<\/p><p class=\"\" data-start=\"1215\" data-end=\"1519\">Jegliche Reproduktion, Nutzung oder Verbreitung dieser Bilder - ganz oder teilweise - ohne die ausdr\u00fcckliche schriftliche Genehmigung des jeweiligen Fotografen ist strengstens untersagt und wird rechtlich verfolgt. Die unbefugte Verwendung stellt einen Versto\u00df gegen das Urheberrecht dar und kann zivil- oder strafrechtliche Folgen nach sich ziehen.<\/p>\t\t\t\t\t\t\t\t<\/div>\n\t\t\t\t<\/div>\n\t\t\t\t<div class=\"elementor-element elementor-element-003b642 elementor-hidden-desktop elementor-hidden-tablet elementor-widget elementor-widget-image\" data-id=\"003b642\" data-element_type=\"widget\" data-e-type=\"widget\" data-widget_type=\"image.default\">\n\t\t\t\t<div class=\"elementor-widget-container\">\n\t\t\t\t\t\t\t\t\t\t\t\t\t\t\t<img fetchpriority=\"high\" decoding=\"async\" width=\"300\" height=\"350\" src=\"https:\/\/thepeakplanner.com\/wp-content\/uploads\/2025\/03\/me-blog.png\" class=\"attachment-large size-large wp-image-10012\" alt=\"\" srcset=\"https:\/\/thepeakplanner.com\/wp-content\/uploads\/2025\/03\/me-blog.png 300w, https:\/\/thepeakplanner.com\/wp-content\/uploads\/2025\/03\/me-blog-257x300.png 257w\" sizes=\"(max-width: 300px) 100vw, 300px\" \/>\t\t\t\t\t\t\t\t\t\t\t\t\t\t\t<\/div>\n\t\t\t\t<\/div>\n\t\t\t\t\t<\/div>\n\t\t<\/div>\n\t\t\t\t\t<\/div>\n\t\t<\/section>\n\t\t\t\t<section class=\"elementor-section elementor-top-section elementor-element elementor-element-e1e232f elementor-section-full_width elementor-section-height-default elementor-section-height-default eltdf-parallax-row-no eltdf-content-aligment-left eltdf-elementor-row-grid-no eltdf-disabled-bg-image-bellow-no\" data-id=\"e1e232f\" data-element_type=\"section\" data-e-type=\"section\">\n\t\t\t\t\t\t<div class=\"elementor-container elementor-column-gap-default\">\n\t\t\t\t\t<div class=\"elementor-column elementor-col-33 elementor-top-column elementor-element elementor-element-25de2ad\" data-id=\"25de2ad\" data-element_type=\"column\" data-e-type=\"column\">\n\t\t\t<div class=\"elementor-widget-wrap\">\n\t\t\t\t\t\t\t<\/div>\n\t\t<\/div>\n\t\t\t\t<div class=\"elementor-column elementor-col-66 elementor-top-column elementor-element elementor-element-db328a5\" data-id=\"db328a5\" data-element_type=\"column\" data-e-type=\"column\">\n\t\t\t<div class=\"elementor-widget-wrap\">\n\t\t\t\t\t\t\t<\/div>\n\t\t<\/div>\n\t\t\t\t\t<\/div>\n\t\t<\/section>\n\t\t\t\t<\/div>","protected":false},"excerpt":{"rendered":"<p>Impressum Related Topics Privacy Policy Cookie policy Terms &amp; Conditions Contact Yan Lisa LarooijGlemmtaler Landesstra\u00dfe 685\/45753 SaalbachPhone: +43\u00a0 664\u00a0 927\u00a0 4171Email: yanlisa@thepeakplanner.com VAT ID VAT Identification Number according to \u00a7 27a of the VAT Act:ATU81052218 EU Online Dispute Resolution The European Commission provides a platform for online dispute resolution (ODR): https:\/\/ec.europa.eu\/consumers\/odr\/ .Our email address can be found [&hellip;]<\/p>\n","protected":false},"author":1,"featured_media":0,"parent":0,"menu_order":0,"comment_status":"closed","ping_status":"closed","template":"elementor_header_footer","meta":{"footnotes":""},"class_list":["post-6938","page","type-page","status-publish","hentry"],"yoast_head":"<!-- This site is optimized with the Yoast SEO plugin v27.3 - https:\/\/yoast.com\/product\/yoast-seo-wordpress\/ -->\n<title>Impressum - The Peakplanner<\/title>\n<meta name=\"robots\" content=\"index, follow, max-snippet:-1, max-image-preview:large, max-video-preview:-1\" \/>\n<link rel=\"canonical\" href=\"https:\/\/thepeakplanner.com\/de\/impressum\/\" \/>\n<meta property=\"og:locale\" content=\"de_DE\" \/>\n<meta property=\"og:type\" content=\"article\" \/>\n<meta property=\"og:title\" content=\"Impressum - The Peakplanner\" \/>\n<meta property=\"og:description\" content=\"Impressum Related Topics Privacy Policy Cookie policy Terms &amp; Conditions Contact Yan Lisa LarooijGlemmtaler Landesstra\u00dfe 685\/45753 SaalbachPhone: +43\u00a0 664\u00a0 927\u00a0 4171Email: yanlisa@thepeakplanner.com VAT ID VAT Identification Number according to \u00a7 27a of the VAT Act:ATU81052218 EU Online Dispute Resolution The European Commission provides a platform for online dispute resolution (ODR): https:\/\/ec.europa.eu\/consumers\/odr\/ .Our email address can be found [&hellip;]\" \/>\n<meta property=\"og:url\" content=\"https:\/\/thepeakplanner.com\/de\/impressum\/\" \/>\n<meta property=\"og:site_name\" content=\"The Peakplanner\" \/>\n<meta property=\"article:modified_time\" content=\"2025-09-10T20:47:11+00:00\" \/>\n<meta property=\"og:image\" content=\"https:\/\/thepeakplanner.com\/wp-content\/uploads\/2025\/03\/me-blog.png\" \/>\n<meta name=\"twitter:card\" content=\"summary_large_image\" \/>\n<meta name=\"twitter:label1\" content=\"Gesch\u00e4tzte Lesezeit\" \/>\n\t<meta name=\"twitter:data1\" content=\"3 Minuten\" \/>\n<script type=\"application\/ld+json\" class=\"yoast-schema-graph\">{\"@context\":\"https:\\\/\\\/schema.org\",\"@graph\":[{\"@type\":\"WebPage\",\"@id\":\"https:\\\/\\\/thepeakplanner.com\\\/en\\\/impressum\\\/\",\"url\":\"https:\\\/\\\/thepeakplanner.com\\\/en\\\/impressum\\\/\",\"name\":\"Impressum - The Peakplanner\",\"isPartOf\":{\"@id\":\"https:\\\/\\\/thepeakplanner.com\\\/en\\\/#website\"},\"primaryImageOfPage\":{\"@id\":\"https:\\\/\\\/thepeakplanner.com\\\/en\\\/impressum\\\/#primaryimage\"},\"image\":{\"@id\":\"https:\\\/\\\/thepeakplanner.com\\\/en\\\/impressum\\\/#primaryimage\"},\"thumbnailUrl\":\"https:\\\/\\\/thepeakplanner.com\\\/wp-content\\\/uploads\\\/2025\\\/03\\\/me-blog.png\",\"datePublished\":\"2024-12-30T20:33:37+00:00\",\"dateModified\":\"2025-09-10T20:47:11+00:00\",\"breadcrumb\":{\"@id\":\"https:\\\/\\\/thepeakplanner.com\\\/en\\\/impressum\\\/#breadcrumb\"},\"inLanguage\":\"de-AT\",\"potentialAction\":[{\"@type\":\"ReadAction\",\"target\":[\"https:\\\/\\\/thepeakplanner.com\\\/en\\\/impressum\\\/\"]}]},{\"@type\":\"ImageObject\",\"inLanguage\":\"de-AT\",\"@id\":\"https:\\\/\\\/thepeakplanner.com\\\/en\\\/impressum\\\/#primaryimage\",\"url\":\"https:\\\/\\\/thepeakplanner.com\\\/wp-content\\\/uploads\\\/2025\\\/03\\\/me-blog.png\",\"contentUrl\":\"https:\\\/\\\/thepeakplanner.com\\\/wp-content\\\/uploads\\\/2025\\\/03\\\/me-blog.png\"},{\"@type\":\"BreadcrumbList\",\"@id\":\"https:\\\/\\\/thepeakplanner.com\\\/en\\\/impressum\\\/#breadcrumb\",\"itemListElement\":[{\"@type\":\"ListItem\",\"position\":1,\"name\":\"Home\",\"item\":\"https:\\\/\\\/thepeakplanner.com\\\/\"},{\"@type\":\"ListItem\",\"position\":2,\"name\":\"Impressum\"}]},{\"@type\":\"WebSite\",\"@id\":\"https:\\\/\\\/thepeakplanner.com\\\/en\\\/#website\",\"url\":\"https:\\\/\\\/thepeakplanner.com\\\/en\\\/\",\"name\":\"The Peakplanner\",\"description\":\"Exclusive weddingplanner in Austria\",\"publisher\":{\"@id\":\"https:\\\/\\\/thepeakplanner.com\\\/en\\\/#organization\"},\"potentialAction\":[{\"@type\":\"SearchAction\",\"target\":{\"@type\":\"EntryPoint\",\"urlTemplate\":\"https:\\\/\\\/thepeakplanner.com\\\/en\\\/?s={search_term_string}\"},\"query-input\":{\"@type\":\"PropertyValueSpecification\",\"valueRequired\":true,\"valueName\":\"search_term_string\"}}],\"inLanguage\":\"de-AT\"},{\"@type\":\"Organization\",\"@id\":\"https:\\\/\\\/thepeakplanner.com\\\/en\\\/#organization\",\"name\":\"The Peakplanner\",\"url\":\"https:\\\/\\\/thepeakplanner.com\\\/en\\\/\",\"logo\":{\"@type\":\"ImageObject\",\"inLanguage\":\"de-AT\",\"@id\":\"https:\\\/\\\/thepeakplanner.com\\\/en\\\/#\\\/schema\\\/logo\\\/image\\\/\",\"url\":\"https:\\\/\\\/thepeakplanner.com\\\/wp-content\\\/uploads\\\/2024\\\/12\\\/The-peakplanner-84-x-55-mm.png\",\"contentUrl\":\"https:\\\/\\\/thepeakplanner.com\\\/wp-content\\\/uploads\\\/2024\\\/12\\\/The-peakplanner-84-x-55-mm.png\",\"width\":620,\"height\":406,\"caption\":\"The Peakplanner\"},\"image\":{\"@id\":\"https:\\\/\\\/thepeakplanner.com\\\/en\\\/#\\\/schema\\\/logo\\\/image\\\/\"}}]}<\/script>\n<!-- \/ Yoast SEO plugin. -->","yoast_head_json":{"title":"Impressum - Der Peakplanner","robots":{"index":"index","follow":"follow","max-snippet":"max-snippet:-1","max-image-preview":"max-image-preview:large","max-video-preview":"max-video-preview:-1"},"canonical":"https:\/\/thepeakplanner.com\/de\/impressum\/","og_locale":"de_DE","og_type":"article","og_title":"Impressum - The Peakplanner","og_description":"Impressum Related Topics Privacy Policy Cookie policy Terms &amp; Conditions Contact Yan Lisa LarooijGlemmtaler Landesstra\u00dfe 685\/45753 SaalbachPhone: +43\u00a0 664\u00a0 927\u00a0 4171Email: yanlisa@thepeakplanner.com VAT ID VAT Identification Number according to \u00a7 27a of the VAT Act:ATU81052218 EU Online Dispute Resolution The European Commission provides a platform for online dispute resolution (ODR): https:\/\/ec.europa.eu\/consumers\/odr\/ .Our email address can be found [&hellip;]","og_url":"https:\/\/thepeakplanner.com\/de\/impressum\/","og_site_name":"The Peakplanner","article_modified_time":"2025-09-10T20:47:11+00:00","og_image":[{"url":"https:\/\/thepeakplanner.com\/wp-content\/uploads\/2025\/03\/me-blog.png","type":"","width":"","height":""}],"twitter_card":"summary_large_image","twitter_misc":{"Gesch\u00e4tzte Lesezeit":"3 Minuten"},"schema":{"@context":"https:\/\/schema.org","@graph":[{"@type":"WebPage","@id":"https:\/\/thepeakplanner.com\/en\/impressum\/","url":"https:\/\/thepeakplanner.com\/en\/impressum\/","name":"Impressum - Der Peakplanner","isPartOf":{"@id":"https:\/\/thepeakplanner.com\/en\/#website"},"primaryImageOfPage":{"@id":"https:\/\/thepeakplanner.com\/en\/impressum\/#primaryimage"},"image":{"@id":"https:\/\/thepeakplanner.com\/en\/impressum\/#primaryimage"},"thumbnailUrl":"https:\/\/thepeakplanner.com\/wp-content\/uploads\/2025\/03\/me-blog.png","datePublished":"2024-12-30T20:33:37+00:00","dateModified":"2025-09-10T20:47:11+00:00","breadcrumb":{"@id":"https:\/\/thepeakplanner.com\/en\/impressum\/#breadcrumb"},"inLanguage":"de-AT","potentialAction":[{"@type":"ReadAction","target":["https:\/\/thepeakplanner.com\/en\/impressum\/"]}]},{"@type":"ImageObject","inLanguage":"de-AT","@id":"https:\/\/thepeakplanner.com\/en\/impressum\/#primaryimage","url":"https:\/\/thepeakplanner.com\/wp-content\/uploads\/2025\/03\/me-blog.png","contentUrl":"https:\/\/thepeakplanner.com\/wp-content\/uploads\/2025\/03\/me-blog.png"},{"@type":"BreadcrumbList","@id":"https:\/\/thepeakplanner.com\/en\/impressum\/#breadcrumb","itemListElement":[{"@type":"ListItem","position":1,"name":"Home","item":"https:\/\/thepeakplanner.com\/"},{"@type":"ListItem","position":2,"name":"Impressum"}]},{"@type":"WebSite","@id":"https:\/\/thepeakplanner.com\/en\/#website","url":"https:\/\/thepeakplanner.com\/en\/","name":"Der Peakplanner","description":"Exklusive Hochzeitsplaner in \u00d6sterreich","publisher":{"@id":"https:\/\/thepeakplanner.com\/en\/#organization"},"potentialAction":[{"@type":"SearchAction","target":{"@type":"EntryPoint","urlTemplate":"https:\/\/thepeakplanner.com\/en\/?s={search_term_string}"},"query-input":{"@type":"PropertyValueSpecification","valueRequired":true,"valueName":"search_term_string"}}],"inLanguage":"de-AT"},{"@type":"Organization","@id":"https:\/\/thepeakplanner.com\/en\/#organization","name":"Der Peakplanner","url":"https:\/\/thepeakplanner.com\/en\/","logo":{"@type":"ImageObject","inLanguage":"de-AT","@id":"https:\/\/thepeakplanner.com\/en\/#\/schema\/logo\/image\/","url":"https:\/\/thepeakplanner.com\/wp-content\/uploads\/2024\/12\/The-peakplanner-84-x-55-mm.png","contentUrl":"https:\/\/thepeakplanner.com\/wp-content\/uploads\/2024\/12\/The-peakplanner-84-x-55-mm.png","width":620,"height":406,"caption":"The Peakplanner"},"image":{"@id":"https:\/\/thepeakplanner.com\/en\/#\/schema\/logo\/image\/"}}]}},"_links":{"self":[{"href":"https:\/\/thepeakplanner.com\/de\/wp-json\/wp\/v2\/pages\/6938","targetHints":{"allow":["GET"]}}],"collection":[{"href":"https:\/\/thepeakplanner.com\/de\/wp-json\/wp\/v2\/pages"}],"about":[{"href":"https:\/\/thepeakplanner.com\/de\/wp-json\/wp\/v2\/types\/page"}],"author":[{"embeddable":true,"href":"https:\/\/thepeakplanner.com\/de\/wp-json\/wp\/v2\/users\/1"}],"replies":[{"embeddable":true,"href":"https:\/\/thepeakplanner.com\/de\/wp-json\/wp\/v2\/comments?post=6938"}],"version-history":[{"count":50,"href":"https:\/\/thepeakplanner.com\/de\/wp-json\/wp\/v2\/pages\/6938\/revisions"}],"predecessor-version":[{"id":11099,"href":"https:\/\/thepeakplanner.com\/de\/wp-json\/wp\/v2\/pages\/6938\/revisions\/11099"}],"wp:attachment":[{"href":"https:\/\/thepeakplanner.com\/de\/wp-json\/wp\/v2\/media?parent=6938"}],"curies":[{"name":"wp","href":"https:\/\/api.w.org\/{rel}","templated":true}]}}