{"id":1229,"date":"2019-12-04T12:57:42","date_gmt":"2019-12-04T12:57:42","guid":{"rendered":"https:\/\/solene.qodeinteractive.com\/elementor\/?page_id=1229"},"modified":"2025-10-13T21:32:36","modified_gmt":"2025-10-13T21:32:36","slug":"kontaktkontakt-hochzeitsplaner-osterreich","status":"publish","type":"page","link":"https:\/\/thepeakplanner.com\/de\/contactcontact-wedding-planner-austria\/","title":{"rendered":"Kontakt"},"content":{"rendered":"<div data-elementor-type=\"wp-page\" data-elementor-id=\"1229\" class=\"elementor elementor-1229\">\n\t\t\t\t\t\t<section class=\"elementor-section elementor-top-section elementor-element elementor-element-437fa3d elementor-section-full_width elementor-section-height-default elementor-section-height-default eltdf-parallax-row-no eltdf-content-aligment-left eltdf-elementor-row-grid-no eltdf-disabled-bg-image-bellow-no\" data-id=\"437fa3d\" data-element_type=\"section\" data-e-type=\"section\" data-settings=\"{&quot;background_background&quot;:&quot;classic&quot;}\">\n\t\t\t\t\t\t\t<div class=\"elementor-background-overlay\"><\/div>\n\t\t\t\t\t\t\t<div class=\"elementor-container elementor-column-gap-default\">\n\t\t\t\t\t<div class=\"elementor-column elementor-col-100 elementor-top-column elementor-element elementor-element-12f21a5\" data-id=\"12f21a5\" data-element_type=\"column\" data-e-type=\"column\">\n\t\t\t<div class=\"elementor-widget-wrap elementor-element-populated\">\n\t\t\t\t\t\t<div class=\"elementor-element elementor-element-24404f0 elementor-widget-divider--view-line elementor-widget elementor-widget-divider\" data-id=\"24404f0\" data-element_type=\"widget\" data-e-type=\"widget\" data-widget_type=\"divider.default\">\n\t\t\t\t<div class=\"elementor-widget-container\">\n\t\t\t\t\t\t\t<div class=\"elementor-divider\">\n\t\t\t<span class=\"elementor-divider-separator\">\n\t\t\t\t\t\t<\/span>\n\t\t<\/div>\n\t\t\t\t\t\t<\/div>\n\t\t\t\t<\/div>\n\t\t\t\t<div class=\"elementor-element elementor-element-85d9364 elementor-widget elementor-widget-heading\" data-id=\"85d9364\" data-element_type=\"widget\" data-e-type=\"widget\" data-widget_type=\"heading.default\">\n\t\t\t\t<div class=\"elementor-widget-container\">\n\t\t\t\t\t<h5 class=\"elementor-heading-title elementor-size-default\">sich melden<\/h5>\t\t\t\t<\/div>\n\t\t\t\t<\/div>\n\t\t\t\t\t<\/div>\n\t\t<\/div>\n\t\t\t\t\t<\/div>\n\t\t<\/section>\n\t\t\t\t<section class=\"elementor-section elementor-top-section elementor-element elementor-element-5db94e8 elementor-section-boxed elementor-section-height-default elementor-section-height-default eltdf-parallax-row-no eltdf-content-aligment-left eltdf-elementor-row-grid-no eltdf-disabled-bg-image-bellow-no\" data-id=\"5db94e8\" data-element_type=\"section\" data-e-type=\"section\" data-settings=\"{&quot;background_background&quot;:&quot;classic&quot;}\">\n\t\t\t\t\t\t<div class=\"elementor-container elementor-column-gap-default\">\n\t\t\t\t\t<div class=\"elementor-column elementor-col-100 elementor-top-column elementor-element elementor-element-a57ec14\" data-id=\"a57ec14\" data-element_type=\"column\" data-e-type=\"column\">\n\t\t\t<div class=\"elementor-widget-wrap\">\n\t\t\t\t\t\t\t<\/div>\n\t\t<\/div>\n\t\t\t\t\t<\/div>\n\t\t<\/section>\n\t\t\t\t<section class=\"elementor-section elementor-top-section elementor-element elementor-element-cab1864 elementor-section-full_width eltdf-elementor-row-grid-section elementor-section-height-default elementor-section-height-default eltdf-parallax-row-no eltdf-content-aligment-left eltdf-disabled-bg-image-bellow-no\" data-id=\"cab1864\" data-element_type=\"section\" data-e-type=\"section\" data-settings=\"{&quot;background_background&quot;:&quot;classic&quot;}\">\n\t\t\t\t\t\t<div class=\"elementor-container elementor-column-gap-default\">\n\t\t\t\t\t<div class=\"elementor-column elementor-col-100 elementor-top-column elementor-element elementor-element-0c16826\" data-id=\"0c16826\" data-element_type=\"column\" data-e-type=\"column\">\n\t\t\t<div class=\"elementor-widget-wrap elementor-element-populated\">\n\t\t\t\t\t\t<div class=\"elementor-element elementor-element-3b954f1 elementor-widget elementor-widget-heading\" data-id=\"3b954f1\" data-element_type=\"widget\" data-e-type=\"widget\" data-widget_type=\"heading.default\">\n\t\t\t\t<div class=\"elementor-widget-container\">\n\t\t\t\t\t<h5 class=\"elementor-heading-title elementor-size-default\">Eine Tasse Kaffee?<\/h5>\t\t\t\t<\/div>\n\t\t\t\t<\/div>\n\t\t\t\t<div class=\"elementor-element elementor-element-415c524 elementor-widget__width-initial elementor-widget elementor-widget-text-editor\" data-id=\"415c524\" data-element_type=\"widget\" data-e-type=\"widget\" data-widget_type=\"text-editor.default\">\n\t\t\t\t<div class=\"elementor-widget-container\">\n\t\t\t\t\t\t\t\t\t<p style=\"color: #f9f7f5;\">Lassen Sie uns einander kennenlernen - entweder pers\u00f6nlich oder per Videoanruf!<br \/>Teilen Sie mir Ihre W\u00fcnsche mit, und ich erstelle ein individuelles Angebot f\u00fcr Sie. F\u00fcllen Sie einfach das Kontaktformular aus, und ich melde mich bei Ihnen. Ich kann es kaum erwarten, von Ihnen zu h\u00f6ren!<\/p>\t\t\t\t\t\t\t\t<\/div>\n\t\t\t\t<\/div>\n\t\t\t\t\t<\/div>\n\t\t<\/div>\n\t\t\t\t\t<\/div>\n\t\t<\/section>\n\t\t\t\t<section class=\"elementor-section elementor-top-section elementor-element elementor-element-290d80a elementor-section-boxed elementor-section-height-default elementor-section-height-default eltdf-parallax-row-no eltdf-content-aligment-left eltdf-elementor-row-grid-no eltdf-disabled-bg-image-bellow-no\" data-id=\"290d80a\" data-element_type=\"section\" data-e-type=\"section\">\n\t\t\t\t\t\t<div class=\"elementor-container elementor-column-gap-default\">\n\t\t\t\t\t<div class=\"elementor-column elementor-col-16 elementor-top-column elementor-element elementor-element-438abc9\" data-id=\"438abc9\" data-element_type=\"column\" data-e-type=\"column\">\n\t\t\t<div class=\"elementor-widget-wrap\">\n\t\t\t\t\t\t\t<\/div>\n\t\t<\/div>\n\t\t\t\t<div class=\"elementor-column elementor-col-66 elementor-top-column elementor-element elementor-element-24e329f\" data-id=\"24e329f\" data-element_type=\"column\" data-e-type=\"column\">\n\t\t\t<div class=\"elementor-widget-wrap elementor-element-populated\">\n\t\t\t\t\t\t<div class=\"elementor-element elementor-element-94874b9 elementor-widget elementor-widget-eltdf_cf7\" data-id=\"94874b9\" data-element_type=\"widget\" data-e-type=\"widget\" data-widget_type=\"eltdf_cf7.default\">\n\t\t\t\t<div class=\"elementor-widget-container\">\n\t\t\t\t\t    \n<div class=\"wpcf7 no-js\" id=\"wpcf7-f5556-o1\" lang=\"en-US\" dir=\"ltr\" data-wpcf7-id=\"5556\">\n<div class=\"screen-reader-response\"><p role=\"status\" aria-live=\"polite\" aria-atomic=\"true\"><\/p> <ul><\/ul><\/div>\n<form action=\"\/de\/wp-json\/wp\/v2\/pages\/1229#wpcf7-f5556-o1\" method=\"post\" class=\"wpcf7-form init cf7_custom_style_1 wpcf7-acceptance-as-validation\" aria-label=\"Kontakt-Formular\" novalidate=\"novalidate\" data-status=\"init\" data-trp-original-action=\"\/de\/wp-json\/wp\/v2\/pages\/1229#wpcf7-f5556-o1\">\n<fieldset class=\"hidden-fields-container\"><input type=\"hidden\" name=\"_wpcf7\" value=\"5556\" \/><input type=\"hidden\" name=\"_wpcf7_version\" value=\"6.1.5\" \/><input type=\"hidden\" name=\"_wpcf7_locale\" value=\"en_US\" \/><input type=\"hidden\" name=\"_wpcf7_unit_tag\" value=\"wpcf7-f5556-o1\" \/><input type=\"hidden\" name=\"_wpcf7_container_post\" value=\"0\" \/><input type=\"hidden\" name=\"_wpcf7_posted_data_hash\" value=\"\" \/>\n<\/fieldset>\n<div class=\"eltdf-custom-cf\">\n<div class=\"eltdf-grid-list eltdf-two-columns eltdf-normal-space clearfix\">\n<div class=\"eltdf-outer-space\">\n\n<div class=\"eltdf-item-space\">\n<span class=\"wpcf7-form-control-wrap\" data-name=\"your-name\"><input size=\"40\" maxlength=\"400\" class=\"wpcf7-form-control wpcf7-text wpcf7-validates-as-required\" aria-required=\"true\" aria-invalid=\"false\" placeholder=\"Vor- und Nachname\" value=\"\" type=\"text\" name=\"your-name\" \/><\/span>\n<\/div>\n\n<div class=\"eltdf-item-space\">\n<span class=\"wpcf7-form-control-wrap\" data-name=\"your-partners-name\"><input size=\"40\" maxlength=\"400\" class=\"wpcf7-form-control wpcf7-text\" aria-invalid=\"false\" placeholder=\"Name des Partners\" value=\"\" type=\"text\" name=\"your-partners-name\" \/><\/span>\n<\/div>\n\n<div class=\"eltdf-item-space\">\n<span class=\"wpcf7-form-control-wrap\" data-name=\"your-prefered-language\"><select class=\"wpcf7-form-control wpcf7-select\" aria-invalid=\"false\" name=\"your-prefered-language\"><option value=\"\">Bevorzugte Sprache<\/option><option value=\"English\">Englisch<\/option><option value=\"Deutsch\">Deutsch<\/option><option value=\"Nederlands\">Niederl\u00e4ndisch<\/option><\/select><\/span>\n<\/div>\n\n<div class=\"eltdf-item-space\">\n<span class=\"wpcf7-form-control-wrap\" data-name=\"your-email\"><input size=\"40\" maxlength=\"400\" class=\"wpcf7-form-control wpcf7-email wpcf7-validates-as-required wpcf7-text wpcf7-validates-as-email\" aria-required=\"true\" aria-invalid=\"false\" placeholder=\"E-Mail Adresse\" value=\"\" type=\"email\" name=\"your-email\" \/><\/span>\n<\/div>\n\n<div class=\"eltdf-item-space\">\n<span class=\"wpcf7-form-control-wrap\" data-name=\"your-phone\"><input size=\"40\" maxlength=\"400\" class=\"wpcf7-form-control wpcf7-text\" aria-invalid=\"false\" placeholder=\"Rufnummer\" value=\"\" type=\"text\" name=\"your-phone\" \/><\/span>\n<\/div>\n\n<div class=\"eltdf-item-space\">\n<span class=\"wpcf7-form-control-wrap\" data-name=\"your-date\"><input class=\"wpcf7-form-control wpcf7-date wpcf7-validates-as-date\" aria-invalid=\"false\" placeholder=\"Bevorzugtes Hochzeitsdatum\" value=\"\" type=\"date\" name=\"your-date\" \/><\/span>\n<\/div>\n\n<div class=\"eltdf-item-space\">\n<span class=\"wpcf7-form-control-wrap\" data-name=\"your-address\"><input size=\"40\" maxlength=\"400\" class=\"wpcf7-form-control wpcf7-text\" aria-invalid=\"false\" placeholder=\"Ort oder Region der Hochzeit\" value=\"\" type=\"text\" name=\"your-address\" \/><\/span>\n<\/div>\n\n<div class=\"eltdf-item-space\">\n<span class=\"wpcf7-form-control-wrap\" data-name=\"select-884\"><select class=\"wpcf7-form-control wpcf7-select\" aria-invalid=\"false\" name=\"select-884\"><option value=\"\">Dauer der Veranstaltung<\/option><option value=\"Day\">Tag<\/option><option value=\"Weekend\">Wochenende<\/option><option value=\"Week\">Woche<\/option><option value=\"Not sure yet\">Noch nicht sicher<\/option><\/select><\/span>\n<\/div>\n\n<div class=\"eltdf-item-space\">\n<span class=\"wpcf7-form-control-wrap\" data-name=\"select-967\"><select class=\"wpcf7-form-control wpcf7-select\" aria-invalid=\"false\" name=\"select-967\"><option value=\"\">Gesch\u00e4tztes Budget<\/option><option value=\"Under \u20ac10.000\">Unter 10.000 \u20ac<\/option><option value=\"\u20ac10.000 to \u20ac25.000\">10.000 \u20ac bis 25.000 \u20ac.<\/option><option value=\"\u20ac25.000 to \u20ac50.000\">25.000 \u20ac bis 50.000 \u20ac.<\/option><option value=\"\u20ac50.000 to \u20ac100.000\">50.000 \u20ac bis 100.000 \u20ac.<\/option><option value=\"\u20ac100.000+\">\u20ac100.000+<\/option><option value=\"Not sure yet\">Noch nicht sicher<\/option><\/select><\/span>\n<\/div>\n\n<div class=\"eltdf-item-space\">\n<span class=\"wpcf7-form-control-wrap\" data-name=\"select-372\"><select class=\"wpcf7-form-control wpcf7-select\" aria-invalid=\"false\" name=\"select-372\"><option value=\"\">Wo haben Sie mich gefunden?<\/option><option value=\"Instagram\">Instagram<\/option><option value=\"Google\">Google<\/option><option value=\"Recommendation\">Empfehlung<\/option><option value=\"Wedding venue\">Ort der Hochzeit<\/option><option value=\"Wedding fair\">Hochzeitsmesse<\/option><option value=\"Other\">Andere<\/option><\/select><\/span>\n<\/div>\n\n<div class=\"eltdf-item-space\">\n<span class=\"wpcf7-form-control-wrap\" data-name=\"your-message\"><textarea cols=\"40\" rows=\"10\" maxlength=\"2000\" class=\"wpcf7-form-control wpcf7-textarea\" aria-invalid=\"false\" placeholder=\"Erz\u00e4hlen Sie mir mehr \u00fcber Ihre Pl\u00e4ne, W\u00fcnsche und Fragen\" name=\"your-message\"><\/textarea><\/span>\n<\/div>\n\n<br><br>\n\n<div class=\"eltdf-item-space\">\n<span class=\"wpcf7-form-control-wrap\" data-name=\"dsgvo\"><span class=\"wpcf7-form-control wpcf7-acceptance\"><span class=\"wpcf7-list-item\"><label><input type=\"checkbox\" name=\"dsgvo\" value=\"1\" aria-invalid=\"false\" \/><span class=\"wpcf7-list-item-label\">Ich best\u00e4tige, dass ich die folgenden Bedingungen gelesen und akzeptiert habe <a href=\"https:\/\/thepeakplanner.com\/de\/datenschutz\/\" target=\"_blank\">Datenschutzbestimmungen<\/a>.<\/span><\/label><\/span><\/span><\/span>\n<\/div>\n\n<br><br>\n\n<button class=\"wpcf7-form-control wpcf7-submit eltdf-btn eltdf-btn-large eltdf-btn-solid\" type=\"submit\"><span class=\"eltdf-btn-text\">Anfrage senden<\/span><\/button>\n\n<\/div>\n<\/div>\n<\/div><div class=\"wpcf7-response-output\" aria-hidden=\"true\"><\/div>\n<input type=\"hidden\" name=\"trp-form-language\" value=\"de\"\/><\/form>\n<\/div>\n\t\t\t\t<\/div>\n\t\t\t\t<\/div>\n\t\t\t\t\t<\/div>\n\t\t<\/div>\n\t\t\t\t<div class=\"elementor-column elementor-col-16 elementor-top-column elementor-element elementor-element-0a736d3\" data-id=\"0a736d3\" data-element_type=\"column\" data-e-type=\"column\">\n\t\t\t<div class=\"elementor-widget-wrap\">\n\t\t\t\t\t\t\t<\/div>\n\t\t<\/div>\n\t\t\t\t\t<\/div>\n\t\t<\/section>\n\t\t\t\t<section class=\"elementor-section elementor-top-section elementor-element elementor-element-e22da85 eltdf-elementor-row-grid-section elementor-section-boxed elementor-section-height-default elementor-section-height-default eltdf-parallax-row-no eltdf-content-aligment-left eltdf-disabled-bg-image-bellow-no\" data-id=\"e22da85\" data-element_type=\"section\" data-e-type=\"section\">\n\t\t\t\t\t\t<div class=\"elementor-container elementor-column-gap-default\">\n\t\t\t\t\t<div class=\"elementor-column elementor-col-100 elementor-top-column elementor-element elementor-element-84b4cf4\" data-id=\"84b4cf4\" data-element_type=\"column\" data-e-type=\"column\">\n\t\t\t<div class=\"elementor-widget-wrap elementor-element-populated\">\n\t\t\t\t\t\t<div class=\"elementor-element elementor-element-3ec4ffa elementor-widget elementor-widget-spacer\" data-id=\"3ec4ffa\" data-element_type=\"widget\" data-e-type=\"widget\" data-widget_type=\"spacer.default\">\n\t\t\t\t<div class=\"elementor-widget-container\">\n\t\t\t\t\t\t\t<div class=\"elementor-spacer\">\n\t\t\t<div class=\"elementor-spacer-inner\"><\/div>\n\t\t<\/div>\n\t\t\t\t\t\t<\/div>\n\t\t\t\t<\/div>\n\t\t\t\t<div class=\"elementor-element elementor-element-afd8d8f elementor-widget elementor-widget-spacer\" data-id=\"afd8d8f\" data-element_type=\"widget\" data-e-type=\"widget\" data-widget_type=\"spacer.default\">\n\t\t\t\t<div class=\"elementor-widget-container\">\n\t\t\t\t\t\t\t<div class=\"elementor-spacer\">\n\t\t\t<div class=\"elementor-spacer-inner\"><\/div>\n\t\t<\/div>\n\t\t\t\t\t\t<\/div>\n\t\t\t\t<\/div>\n\t\t\t\t\t<\/div>\n\t\t<\/div>\n\t\t\t\t\t<\/div>\n\t\t<\/section>\n\t\t\t\t<section class=\"elementor-section elementor-top-section elementor-element elementor-element-4be6282 elementor-section-boxed elementor-section-height-default elementor-section-height-default eltdf-parallax-row-no eltdf-content-aligment-left eltdf-elementor-row-grid-no eltdf-disabled-bg-image-bellow-no\" data-id=\"4be6282\" data-element_type=\"section\" data-e-type=\"section\">\n\t\t\t\t\t\t<div class=\"elementor-container elementor-column-gap-default\">\n\t\t\t\t\t<div class=\"elementor-column elementor-col-100 elementor-top-column elementor-element elementor-element-4692176\" data-id=\"4692176\" data-element_type=\"column\" data-e-type=\"column\">\n\t\t\t<div class=\"elementor-widget-wrap elementor-element-populated\">\n\t\t\t\t\t\t<div class=\"elementor-element elementor-element-4dcd030 elementor-widget__width-inherit elementor-widget elementor-widget-google_maps\" data-id=\"4dcd030\" data-element_type=\"widget\" data-e-type=\"widget\" data-widget_type=\"google_maps.default\">\n\t\t\t\t<div class=\"elementor-widget-container\">\n\t\t\t\t\t\t\t<div class=\"elementor-custom-embed\">\n\t\t\t<iframe loading=\"lazy\"\n\t\t\t\t\tsrc=\"https:\/\/maps.google.com\/maps?q=saalbach&#038;t=m&#038;z=6&#038;output=embed&#038;iwloc=near\"\n\t\t\t\t\ttitle=\"saalbach\"\n\t\t\t\t\taria-label=\"saalbach\"\n\t\t\t><\/iframe>\n\t\t<\/div>\n\t\t\t\t\t\t<\/div>\n\t\t\t\t<\/div>\n\t\t\t\t<div class=\"elementor-element elementor-element-eee46ad elementor-widget elementor-widget-text-editor\" data-id=\"eee46ad\" data-element_type=\"widget\" data-e-type=\"widget\" data-widget_type=\"text-editor.default\">\n\t\t\t\t<div class=\"elementor-widget-container\">\n\t\t\t\t\t\t\t\t\t<p style=\"color: #F9F7F5;\"><strong>Folgen Sie uns<\/strong>\n@Thepeakplanner <\/p>\n\n<p style=\"color: #F9F7F5;\"><strong>E-Mail<\/strong>\n<a style=\"color: #F9F7F5;\"rel=\"noopener\">yanlisa@thepeakplanner.com<\/a><\/p>\n\n<p style=\"color: #F9F7F5;\"><strong>Rufen Sie mich an \/ WhatsApp<\/strong>\n+43 664 927 4171<\/p>\n\n<p style=\"color: #F9F7F5;\"><strong>Adresse<\/strong>\nSaalbach Hinterglemm, Salzburgerland, \u00d6sterreich<\/p>\t\t\t\t\t\t\t\t<\/div>\n\t\t\t\t<\/div>\n\t\t\t\t\t<\/div>\n\t\t<\/div>\n\t\t\t\t\t<\/div>\n\t\t<\/section>\n\t\t\t\t<\/div>","protected":false},"excerpt":{"rendered":"<p>get in touch Cup of Coffee? Let\u2019s get to know each other \u2013 either in person or via video call!Share your wishes with me,and I\u2019ll create a personalized offer just for you. Simply fill out the contact form, and I\u2019ll be in touch. I can\u2019t wait to hear from you! where did you find us?FacebookInstagramGoogleVia Via I [&hellip;]<\/p>\n","protected":false},"author":1,"featured_media":0,"parent":0,"menu_order":0,"comment_status":"closed","ping_status":"closed","template":"elementor_header_footer","meta":{"footnotes":""},"class_list":["post-1229","page","type-page","status-publish","hentry"],"yoast_head":"<!-- This site is optimized with the Yoast SEO plugin v27.3 - https:\/\/yoast.com\/product\/yoast-seo-wordpress\/ -->\n<title>Contact The Peak Planner \u2013 Wedding Planning Services in Austria<\/title>\n<meta name=\"description\" content=\"Ready to start planning your wedding? Contact your wedding planner in Austria \u2013 get in touch with the Peakplanner today for personalized wedding planning services in Austria. I look forward to hearing from you!\" \/>\n<meta name=\"robots\" content=\"index, follow, max-snippet:-1, max-image-preview:large, max-video-preview:-1\" \/>\n<link rel=\"canonical\" href=\"https:\/\/thepeakplanner.com\/de\/kontaktkontakt-hochzeitsplaner-osterreich\/\" \/>\n<meta property=\"og:locale\" content=\"de_DE\" \/>\n<meta property=\"og:type\" content=\"article\" \/>\n<meta property=\"og:title\" content=\"Contact The Peak Planner \u2013 Wedding Planning Services in Austria\" \/>\n<meta property=\"og:description\" content=\"Ready to start planning your wedding? Contact your wedding planner in Austria \u2013 get in touch with the Peakplanner today for personalized wedding planning services in Austria. I look forward to hearing from you!\" \/>\n<meta property=\"og:url\" content=\"https:\/\/thepeakplanner.com\/de\/kontaktkontakt-hochzeitsplaner-osterreich\/\" \/>\n<meta property=\"og:site_name\" content=\"The Peakplanner\" \/>\n<meta property=\"article:modified_time\" content=\"2025-10-13T21:32:36+00:00\" \/>\n<meta name=\"twitter:card\" content=\"summary_large_image\" \/>\n<meta name=\"twitter:label1\" content=\"Gesch\u00e4tzte Lesezeit\" \/>\n\t<meta name=\"twitter:data1\" content=\"1 Minute\" \/>\n<script type=\"application\/ld+json\" class=\"yoast-schema-graph\">{\"@context\":\"https:\\\/\\\/schema.org\",\"@graph\":[{\"@type\":\"WebPage\",\"@id\":\"https:\\\/\\\/thepeakplanner.com\\\/contactcontact-wedding-planner-austria\\\/\",\"url\":\"https:\\\/\\\/thepeakplanner.com\\\/contactcontact-wedding-planner-austria\\\/\",\"name\":\"Contact The Peak Planner \u2013 Wedding Planning Services in Austria\",\"isPartOf\":{\"@id\":\"https:\\\/\\\/thepeakplanner.com\\\/en\\\/#website\"},\"datePublished\":\"2019-12-04T12:57:42+00:00\",\"dateModified\":\"2025-10-13T21:32:36+00:00\",\"description\":\"Ready to start planning your wedding? Contact your wedding planner in Austria \u2013 get in touch with the Peakplanner today for personalized wedding planning services in Austria. I look forward to hearing from you!\",\"breadcrumb\":{\"@id\":\"https:\\\/\\\/thepeakplanner.com\\\/contactcontact-wedding-planner-austria\\\/#breadcrumb\"},\"inLanguage\":\"de-AT\",\"potentialAction\":[{\"@type\":\"ReadAction\",\"target\":[\"https:\\\/\\\/thepeakplanner.com\\\/contactcontact-wedding-planner-austria\\\/\"]}]},{\"@type\":\"BreadcrumbList\",\"@id\":\"https:\\\/\\\/thepeakplanner.com\\\/contactcontact-wedding-planner-austria\\\/#breadcrumb\",\"itemListElement\":[{\"@type\":\"ListItem\",\"position\":1,\"name\":\"Home\",\"item\":\"https:\\\/\\\/thepeakplanner.com\\\/\"},{\"@type\":\"ListItem\",\"position\":2,\"name\":\"Contact\"}]},{\"@type\":\"WebSite\",\"@id\":\"https:\\\/\\\/thepeakplanner.com\\\/en\\\/#website\",\"url\":\"https:\\\/\\\/thepeakplanner.com\\\/en\\\/\",\"name\":\"The Peakplanner\",\"description\":\"Exclusive weddingplanner in Austria\",\"publisher\":{\"@id\":\"https:\\\/\\\/thepeakplanner.com\\\/en\\\/#organization\"},\"potentialAction\":[{\"@type\":\"SearchAction\",\"target\":{\"@type\":\"EntryPoint\",\"urlTemplate\":\"https:\\\/\\\/thepeakplanner.com\\\/en\\\/?s={search_term_string}\"},\"query-input\":{\"@type\":\"PropertyValueSpecification\",\"valueRequired\":true,\"valueName\":\"search_term_string\"}}],\"inLanguage\":\"de-AT\"},{\"@type\":\"Organization\",\"@id\":\"https:\\\/\\\/thepeakplanner.com\\\/en\\\/#organization\",\"name\":\"The Peakplanner\",\"url\":\"https:\\\/\\\/thepeakplanner.com\\\/en\\\/\",\"logo\":{\"@type\":\"ImageObject\",\"inLanguage\":\"de-AT\",\"@id\":\"https:\\\/\\\/thepeakplanner.com\\\/en\\\/#\\\/schema\\\/logo\\\/image\\\/\",\"url\":\"https:\\\/\\\/thepeakplanner.com\\\/wp-content\\\/uploads\\\/2024\\\/12\\\/The-peakplanner-84-x-55-mm.png\",\"contentUrl\":\"https:\\\/\\\/thepeakplanner.com\\\/wp-content\\\/uploads\\\/2024\\\/12\\\/The-peakplanner-84-x-55-mm.png\",\"width\":620,\"height\":406,\"caption\":\"The Peakplanner\"},\"image\":{\"@id\":\"https:\\\/\\\/thepeakplanner.com\\\/en\\\/#\\\/schema\\\/logo\\\/image\\\/\"}}]}<\/script>\n<!-- \/ Yoast SEO plugin. -->","yoast_head_json":{"title":"Kontakt zu The Peak Planner - Hochzeitsplanung in \u00d6sterreich","description":"Sind Sie bereit, Ihre Hochzeit zu planen? Kontaktieren Sie Ihren Hochzeitsplaner in \u00d6sterreich - nehmen Sie noch heute Kontakt mit dem Peakplanner auf, um Ihre Hochzeit in \u00d6sterreich individuell zu planen. Ich freue mich darauf, von Ihnen zu h\u00f6ren!","robots":{"index":"index","follow":"follow","max-snippet":"max-snippet:-1","max-image-preview":"max-image-preview:large","max-video-preview":"max-video-preview:-1"},"canonical":"https:\/\/thepeakplanner.com\/de\/kontaktkontakt-hochzeitsplaner-osterreich\/","og_locale":"de_DE","og_type":"article","og_title":"Contact The Peak Planner \u2013 Wedding Planning Services in Austria","og_description":"Ready to start planning your wedding? Contact your wedding planner in Austria \u2013 get in touch with the Peakplanner today for personalized wedding planning services in Austria. I look forward to hearing from you!","og_url":"https:\/\/thepeakplanner.com\/de\/kontaktkontakt-hochzeitsplaner-osterreich\/","og_site_name":"The Peakplanner","article_modified_time":"2025-10-13T21:32:36+00:00","twitter_card":"summary_large_image","twitter_misc":{"Gesch\u00e4tzte Lesezeit":"1 Minute"},"schema":{"@context":"https:\/\/schema.org","@graph":[{"@type":"WebPage","@id":"https:\/\/thepeakplanner.com\/contactcontact-wedding-planner-austria\/","url":"https:\/\/thepeakplanner.com\/contactcontact-wedding-planner-austria\/","name":"Kontakt zu The Peak Planner - Hochzeitsplanung in \u00d6sterreich","isPartOf":{"@id":"https:\/\/thepeakplanner.com\/en\/#website"},"datePublished":"2019-12-04T12:57:42+00:00","dateModified":"2025-10-13T21:32:36+00:00","description":"Sind Sie bereit, Ihre Hochzeit zu planen? Kontaktieren Sie Ihren Hochzeitsplaner in \u00d6sterreich - nehmen Sie noch heute Kontakt mit dem Peakplanner auf, um Ihre Hochzeit in \u00d6sterreich individuell zu planen. Ich freue mich darauf, von Ihnen zu h\u00f6ren!","breadcrumb":{"@id":"https:\/\/thepeakplanner.com\/contactcontact-wedding-planner-austria\/#breadcrumb"},"inLanguage":"de-AT","potentialAction":[{"@type":"ReadAction","target":["https:\/\/thepeakplanner.com\/contactcontact-wedding-planner-austria\/"]}]},{"@type":"BreadcrumbList","@id":"https:\/\/thepeakplanner.com\/contactcontact-wedding-planner-austria\/#breadcrumb","itemListElement":[{"@type":"ListItem","position":1,"name":"Home","item":"https:\/\/thepeakplanner.com\/"},{"@type":"ListItem","position":2,"name":"Contact"}]},{"@type":"WebSite","@id":"https:\/\/thepeakplanner.com\/en\/#website","url":"https:\/\/thepeakplanner.com\/en\/","name":"Der Peakplanner","description":"Exklusive Hochzeitsplaner in \u00d6sterreich","publisher":{"@id":"https:\/\/thepeakplanner.com\/en\/#organization"},"potentialAction":[{"@type":"SearchAction","target":{"@type":"EntryPoint","urlTemplate":"https:\/\/thepeakplanner.com\/en\/?s={search_term_string}"},"query-input":{"@type":"PropertyValueSpecification","valueRequired":true,"valueName":"search_term_string"}}],"inLanguage":"de-AT"},{"@type":"Organization","@id":"https:\/\/thepeakplanner.com\/en\/#organization","name":"Der Peakplanner","url":"https:\/\/thepeakplanner.com\/en\/","logo":{"@type":"ImageObject","inLanguage":"de-AT","@id":"https:\/\/thepeakplanner.com\/en\/#\/schema\/logo\/image\/","url":"https:\/\/thepeakplanner.com\/wp-content\/uploads\/2024\/12\/The-peakplanner-84-x-55-mm.png","contentUrl":"https:\/\/thepeakplanner.com\/wp-content\/uploads\/2024\/12\/The-peakplanner-84-x-55-mm.png","width":620,"height":406,"caption":"The Peakplanner"},"image":{"@id":"https:\/\/thepeakplanner.com\/en\/#\/schema\/logo\/image\/"}}]}},"_links":{"self":[{"href":"https:\/\/thepeakplanner.com\/de\/wp-json\/wp\/v2\/pages\/1229","targetHints":{"allow":["GET"]}}],"collection":[{"href":"https:\/\/thepeakplanner.com\/de\/wp-json\/wp\/v2\/pages"}],"about":[{"href":"https:\/\/thepeakplanner.com\/de\/wp-json\/wp\/v2\/types\/page"}],"author":[{"embeddable":true,"href":"https:\/\/thepeakplanner.com\/de\/wp-json\/wp\/v2\/users\/1"}],"replies":[{"embeddable":true,"href":"https:\/\/thepeakplanner.com\/de\/wp-json\/wp\/v2\/comments?post=1229"}],"version-history":[{"count":100,"href":"https:\/\/thepeakplanner.com\/de\/wp-json\/wp\/v2\/pages\/1229\/revisions"}],"predecessor-version":[{"id":11155,"href":"https:\/\/thepeakplanner.com\/de\/wp-json\/wp\/v2\/pages\/1229\/revisions\/11155"}],"wp:attachment":[{"href":"https:\/\/thepeakplanner.com\/de\/wp-json\/wp\/v2\/media?parent=1229"}],"curies":[{"name":"wp","href":"https:\/\/api.w.org\/{rel}","templated":true}]}}