{"id":10128,"date":"2025-03-30T15:23:59","date_gmt":"2025-03-30T15:23:59","guid":{"rendered":"https:\/\/thepeakplanner.com\/?page_id=10128"},"modified":"2026-02-20T00:41:02","modified_gmt":"2026-02-20T00:41:02","slug":"blog","status":"publish","type":"page","link":"https:\/\/thepeakplanner.com\/de\/blog\/","title":{"rendered":"Blog"},"content":{"rendered":"<div data-elementor-type=\"wp-page\" data-elementor-id=\"10128\" class=\"elementor elementor-10128\">\n\t\t\t\t\t\t<section class=\"elementor-section elementor-top-section elementor-element elementor-element-1f8c158 elementor-section-boxed elementor-section-height-default elementor-section-height-default eltdf-parallax-row-no eltdf-content-aligment-left eltdf-elementor-row-grid-no eltdf-disabled-bg-image-bellow-no\" data-id=\"1f8c158\" data-element_type=\"section\" data-e-type=\"section\">\n\t\t\t\t\t\t<div class=\"elementor-container elementor-column-gap-default\">\n\t\t\t\t\t<div class=\"elementor-column elementor-col-100 elementor-top-column elementor-element elementor-element-b21885a\" data-id=\"b21885a\" data-element_type=\"column\" data-e-type=\"column\">\n\t\t\t<div class=\"elementor-widget-wrap elementor-element-populated\">\n\t\t\t\t\t\t<div class=\"elementor-element elementor-element-3750da0 elementor-widget__width-initial elementor-widget elementor-widget-qi_addons_for_elementor_blog_list\" data-id=\"3750da0\" data-element_type=\"widget\" data-e-type=\"widget\" data-widget_type=\"qi_addons_for_elementor_blog_list.default\">\n\t\t\t\t<div class=\"elementor-widget-container\">\n\t\t\t\t\t<div class=\"qodef-shortcode qodef-m qodef-addons-blog-list qodef-alignment--centered qodef-info-no-icons qodef-image--hover-zoom qodef-qi-grid qodef-layout--qi-masonry qodef-items--fixed qodef-col-num--1 qodef-item-layout--boxed qodef-responsive--predefined\" >\n\t<div class=\"qodef-grid-inner\">\n\t\t\t<div class=\"qodef-qi-grid-masonry-sizer\"><\/div>\n<article class=\"qodef-e qodef-blog-item qodef-grid-item qodef-item--full post-10133 post type-post status-publish format-standard has-post-thumbnail hentry category-about-about tag-design tag-weddingplanner tag-weddings\">\n\t<div class=\"qodef-e-inner\">\n\t\t<div class=\"qodef-e-media-holder\">\n\t\t\t<div class=\"qodef-e-media\">\n\t\t<div class=\"qodef-e-media-image\">\n\t\t<a itemprop=\"url\" href=\"https:\/\/thepeakplanner.com\/de\/why-did-i-become-a-weddingplanner\/\">\n\t\t\t<img fetchpriority=\"high\" decoding=\"async\" width=\"600\" height=\"450\" src=\"https:\/\/thepeakplanner.com\/wp-content\/uploads\/2025\/03\/1-4.png\" class=\"attachment- size-\" alt=\"\" srcset=\"https:\/\/thepeakplanner.com\/wp-content\/uploads\/2025\/03\/1-4.png 600w, https:\/\/thepeakplanner.com\/wp-content\/uploads\/2025\/03\/1-4-300x225.png 300w\" sizes=\"(max-width: 600px) 100vw, 600px\" \/>\t\t<\/a>\n\t\t\t<\/div>\n<\/div>\n<div itemprop=\"dateCreated\" class=\"qodef-e-info-item qodef-e-info-date entry-date\">\n\t<a itemprop=\"url\" href=\"https:\/\/thepeakplanner.com\/de\/2025\/03\/\">\n\t\t30 Mrz\t<\/a>\n<\/div>\n\t\t<\/div>\n\t\t<div class=\"qodef-e-content\">\n\t\t\t\t\t\t\t<div class=\"qodef-e-info qodef-info--top\">\n\t\t\t\t\t\t\t\t\t<\/div>\n\t\t\t\t\t\t<div class=\"qodef-e-text\">\n\t\t\t\t<h3 itemprop=\"name\" class=\"qodef-e-title entry-title\">\n\t<a itemprop=\"url\" class=\"qodef-e-title-link\" href=\"https:\/\/thepeakplanner.com\/de\/why-did-i-become-a-weddingplanner\/\">\n\t\tWarum bin ich Hochzeitsplaner geworden?\t<\/a>\n<\/h3>\n\t\t<p itemprop=\"description\" class=\"qodef-e-excerpt\">\n\t\t\tHallo, ich bin Lisa - willkommen auf meinem Blog! Jeder Hochzeitstag ist ein einzigartiges M\u00e4rchen, gef\u00fcllt mit Liebe, Emotionen und unvergesslichen Momenten. Als Hochzeitsplanerin habe ich das Privileg, die\t\t<\/p>\n\t\t\t\t<\/div>\n\t\t\t\t\t<\/div>\n\t<\/div>\n<\/article>\n<article class=\"qodef-e qodef-blog-item qodef-grid-item qodef-item--full post-758 post type-post status-publish format-standard has-post-thumbnail hentry category-design tag-photography tag-wedding\">\n\t<div class=\"qodef-e-inner\">\n\t\t<div class=\"qodef-e-media-holder\">\n\t\t\t<div class=\"qodef-e-media\">\n\t\t<div class=\"qodef-e-media-image\">\n\t\t<a itemprop=\"url\" href=\"https:\/\/thepeakplanner.com\/de\/costs-of-a-wedding-in-austria\/\">\n\t\t\t<img decoding=\"async\" width=\"600\" height=\"450\" src=\"https:\/\/thepeakplanner.com\/wp-content\/uploads\/2025\/03\/3-4.png\" class=\"attachment- size-\" alt=\"\" \/>\t\t<\/a>\n\t\t\t<\/div>\n<\/div>\n<div itemprop=\"dateCreated\" class=\"qodef-e-info-item qodef-e-info-date entry-date\">\n\t<a itemprop=\"url\" href=\"https:\/\/thepeakplanner.com\/de\/2025\/01\/\">\n\t\t27 J\u00e4n\t<\/a>\n<\/div>\n\t\t<\/div>\n\t\t<div class=\"qodef-e-content\">\n\t\t\t\t\t\t\t<div class=\"qodef-e-info qodef-info--top\">\n\t\t\t\t\t\t\t\t\t<\/div>\n\t\t\t\t\t\t<div class=\"qodef-e-text\">\n\t\t\t\t<h3 itemprop=\"name\" class=\"qodef-e-title entry-title\">\n\t<a itemprop=\"url\" class=\"qodef-e-title-link\" href=\"https:\/\/thepeakplanner.com\/de\/costs-of-a-wedding-in-austria\/\">\n\t\tWie viel kostet eine Hochzeit in \u00d6sterreich?\t<\/a>\n<\/h3>\n\t\t<p itemprop=\"description\" class=\"qodef-e-excerpt\">\n\t\t\tUt vitae feugiat magna, ut mattis ligula. Aliquam ut rutrum est. Maecenas sit amet scelerisque orci. Aenean et ex ut elit tincidunt rutrum vitae eleifend metus. Nunc tincidunt vene\t\t<\/p>\n\t\t\t\t<\/div>\n\t\t\t\t\t<\/div>\n\t<\/div>\n<\/article>\n\t<\/div>\n\t<\/div>\n\t\t\t\t<\/div>\n\t\t\t\t<\/div>\n\t\t\t\t\t<\/div>\n\t\t<\/div>\n\t\t\t\t\t<\/div>\n\t\t<\/section>\n\t\t\t\t<\/div>","protected":false},"excerpt":{"rendered":"<p>30 Mar Why did i become a weddingplanner Hi, I\u2019m Lisa \u2013 welcome to my blog! Every wedding day is a unique fairytale filled with love, emotions, and unforgettable moments. As a wedding planner, I have the privilege of 27 Jan how much does a Wedding in Austria Cost? Ut vitae feugiat magna, ut mattis ligula. Aliquam [&hellip;]<\/p>\n","protected":false},"author":1,"featured_media":9949,"parent":0,"menu_order":0,"comment_status":"closed","ping_status":"closed","template":"full-width.php","meta":{"footnotes":""},"class_list":["post-10128","page","type-page","status-publish","has-post-thumbnail","hentry"],"yoast_head":"<!-- This site is optimized with the Yoast SEO plugin v27.3 - https:\/\/yoast.com\/product\/yoast-seo-wordpress\/ -->\n<title>Blog - The Peakplanner Get to Know Your Wedding Planner in Austria<\/title>\n<meta name=\"description\" content=\"Get to know The Peak Planner, your dedicated wedding planner in Austria, and explore expert tips and tricks for planning your wedding. From venue selection to day-of coordination, I share my insights to make your planning easier.\" \/>\n<meta name=\"robots\" content=\"index, follow, max-snippet:-1, max-image-preview:large, max-video-preview:-1\" \/>\n<link rel=\"canonical\" href=\"https:\/\/thepeakplanner.com\/de\/blog\/\" \/>\n<meta property=\"og:locale\" content=\"de_DE\" \/>\n<meta property=\"og:type\" content=\"article\" \/>\n<meta property=\"og:title\" content=\"Blog - The Peakplanner Get to Know Your Wedding Planner in Austria\" \/>\n<meta property=\"og:description\" content=\"Get to know The Peak Planner, your dedicated wedding planner in Austria, and explore expert tips and tricks for planning your wedding. From venue selection to day-of coordination, I share my insights to make your planning easier.\" \/>\n<meta property=\"og:url\" content=\"https:\/\/thepeakplanner.com\/de\/blog\/\" \/>\n<meta property=\"og:site_name\" content=\"The Peakplanner\" \/>\n<meta property=\"article:modified_time\" content=\"2026-02-20T00:41:02+00:00\" \/>\n<meta property=\"og:image\" content=\"https:\/\/thepeakplanner.com\/wp-content\/uploads\/2025\/03\/15.png\" \/>\n\t<meta property=\"og:image:width\" content=\"1800\" \/>\n\t<meta property=\"og:image:height\" content=\"1013\" \/>\n\t<meta property=\"og:image:type\" content=\"image\/png\" \/>\n<meta name=\"twitter:card\" content=\"summary_large_image\" \/>\n<meta name=\"twitter:label1\" content=\"Gesch\u00e4tzte Lesezeit\" \/>\n\t<meta name=\"twitter:data1\" content=\"1 Minute\" \/>\n<script type=\"application\/ld+json\" class=\"yoast-schema-graph\">{\"@context\":\"https:\\\/\\\/schema.org\",\"@graph\":[{\"@type\":\"WebPage\",\"@id\":\"https:\\\/\\\/thepeakplanner.com\\\/en\\\/blog\\\/\",\"url\":\"https:\\\/\\\/thepeakplanner.com\\\/en\\\/blog\\\/\",\"name\":\"Blog - The Peakplanner Get to Know Your Wedding Planner in Austria\",\"isPartOf\":{\"@id\":\"https:\\\/\\\/thepeakplanner.com\\\/en\\\/#website\"},\"primaryImageOfPage\":{\"@id\":\"https:\\\/\\\/thepeakplanner.com\\\/en\\\/blog\\\/#primaryimage\"},\"image\":{\"@id\":\"https:\\\/\\\/thepeakplanner.com\\\/en\\\/blog\\\/#primaryimage\"},\"thumbnailUrl\":\"https:\\\/\\\/thepeakplanner.com\\\/wp-content\\\/uploads\\\/2025\\\/03\\\/15.png\",\"datePublished\":\"2025-03-30T15:23:59+00:00\",\"dateModified\":\"2026-02-20T00:41:02+00:00\",\"description\":\"Get to know The Peak Planner, your dedicated wedding planner in Austria, and explore expert tips and tricks for planning your wedding. From venue selection to day-of coordination, I share my insights to make your planning easier.\",\"breadcrumb\":{\"@id\":\"https:\\\/\\\/thepeakplanner.com\\\/en\\\/blog\\\/#breadcrumb\"},\"inLanguage\":\"de-AT\",\"potentialAction\":[{\"@type\":\"ReadAction\",\"target\":[\"https:\\\/\\\/thepeakplanner.com\\\/en\\\/blog\\\/\"]}]},{\"@type\":\"ImageObject\",\"inLanguage\":\"de-AT\",\"@id\":\"https:\\\/\\\/thepeakplanner.com\\\/en\\\/blog\\\/#primaryimage\",\"url\":\"https:\\\/\\\/thepeakplanner.com\\\/wp-content\\\/uploads\\\/2025\\\/03\\\/15.png\",\"contentUrl\":\"https:\\\/\\\/thepeakplanner.com\\\/wp-content\\\/uploads\\\/2025\\\/03\\\/15.png\",\"width\":1800,\"height\":1013},{\"@type\":\"BreadcrumbList\",\"@id\":\"https:\\\/\\\/thepeakplanner.com\\\/en\\\/blog\\\/#breadcrumb\",\"itemListElement\":[{\"@type\":\"ListItem\",\"position\":1,\"name\":\"Home\",\"item\":\"https:\\\/\\\/thepeakplanner.com\\\/\"},{\"@type\":\"ListItem\",\"position\":2,\"name\":\"Blog\"}]},{\"@type\":\"WebSite\",\"@id\":\"https:\\\/\\\/thepeakplanner.com\\\/en\\\/#website\",\"url\":\"https:\\\/\\\/thepeakplanner.com\\\/en\\\/\",\"name\":\"The Peakplanner\",\"description\":\"Exclusive weddingplanner in Austria\",\"publisher\":{\"@id\":\"https:\\\/\\\/thepeakplanner.com\\\/en\\\/#organization\"},\"potentialAction\":[{\"@type\":\"SearchAction\",\"target\":{\"@type\":\"EntryPoint\",\"urlTemplate\":\"https:\\\/\\\/thepeakplanner.com\\\/en\\\/?s={search_term_string}\"},\"query-input\":{\"@type\":\"PropertyValueSpecification\",\"valueRequired\":true,\"valueName\":\"search_term_string\"}}],\"inLanguage\":\"de-AT\"},{\"@type\":\"Organization\",\"@id\":\"https:\\\/\\\/thepeakplanner.com\\\/en\\\/#organization\",\"name\":\"The Peakplanner\",\"url\":\"https:\\\/\\\/thepeakplanner.com\\\/en\\\/\",\"logo\":{\"@type\":\"ImageObject\",\"inLanguage\":\"de-AT\",\"@id\":\"https:\\\/\\\/thepeakplanner.com\\\/en\\\/#\\\/schema\\\/logo\\\/image\\\/\",\"url\":\"https:\\\/\\\/thepeakplanner.com\\\/wp-content\\\/uploads\\\/2024\\\/12\\\/The-peakplanner-84-x-55-mm.png\",\"contentUrl\":\"https:\\\/\\\/thepeakplanner.com\\\/wp-content\\\/uploads\\\/2024\\\/12\\\/The-peakplanner-84-x-55-mm.png\",\"width\":620,\"height\":406,\"caption\":\"The Peakplanner\"},\"image\":{\"@id\":\"https:\\\/\\\/thepeakplanner.com\\\/en\\\/#\\\/schema\\\/logo\\\/image\\\/\"}}]}<\/script>\n<!-- \/ Yoast SEO plugin. -->","yoast_head_json":{"title":"Blog - Der Peakplanner Lernen Sie Ihren Wedding Planner in \u00d6sterreich kennen","description":"Lernen Sie The Peak Planner, Ihre engagierte Hochzeitsplanerin in \u00d6sterreich, kennen und erfahren Sie Tipps und Tricks von Experten f\u00fcr die Planung Ihrer Hochzeit. Von der Auswahl des Veranstaltungsortes bis zur Koordination des Tages - ich teile meine Erkenntnisse, um Ihnen die Planung zu erleichtern.","robots":{"index":"index","follow":"follow","max-snippet":"max-snippet:-1","max-image-preview":"max-image-preview:large","max-video-preview":"max-video-preview:-1"},"canonical":"https:\/\/thepeakplanner.com\/de\/blog\/","og_locale":"de_DE","og_type":"article","og_title":"Blog - The Peakplanner Get to Know Your Wedding Planner in Austria","og_description":"Get to know The Peak Planner, your dedicated wedding planner in Austria, and explore expert tips and tricks for planning your wedding. From venue selection to day-of coordination, I share my insights to make your planning easier.","og_url":"https:\/\/thepeakplanner.com\/de\/blog\/","og_site_name":"The Peakplanner","article_modified_time":"2026-02-20T00:41:02+00:00","og_image":[{"width":1800,"height":1013,"url":"https:\/\/thepeakplanner.com\/wp-content\/uploads\/2025\/03\/15.png","type":"image\/png"}],"twitter_card":"summary_large_image","twitter_misc":{"Gesch\u00e4tzte Lesezeit":"1 Minute"},"schema":{"@context":"https:\/\/schema.org","@graph":[{"@type":"WebPage","@id":"https:\/\/thepeakplanner.com\/en\/blog\/","url":"https:\/\/thepeakplanner.com\/en\/blog\/","name":"Blog - Der Peakplanner Lernen Sie Ihren Wedding Planner in \u00d6sterreich kennen","isPartOf":{"@id":"https:\/\/thepeakplanner.com\/en\/#website"},"primaryImageOfPage":{"@id":"https:\/\/thepeakplanner.com\/en\/blog\/#primaryimage"},"image":{"@id":"https:\/\/thepeakplanner.com\/en\/blog\/#primaryimage"},"thumbnailUrl":"https:\/\/thepeakplanner.com\/wp-content\/uploads\/2025\/03\/15.png","datePublished":"2025-03-30T15:23:59+00:00","dateModified":"2026-02-20T00:41:02+00:00","description":"Lernen Sie The Peak Planner, Ihre engagierte Hochzeitsplanerin in \u00d6sterreich, kennen und erfahren Sie Tipps und Tricks von Experten f\u00fcr die Planung Ihrer Hochzeit. Von der Auswahl des Veranstaltungsortes bis zur Koordination des Tages - ich teile meine Erkenntnisse, um Ihnen die Planung zu erleichtern.","breadcrumb":{"@id":"https:\/\/thepeakplanner.com\/en\/blog\/#breadcrumb"},"inLanguage":"de-AT","potentialAction":[{"@type":"ReadAction","target":["https:\/\/thepeakplanner.com\/en\/blog\/"]}]},{"@type":"ImageObject","inLanguage":"de-AT","@id":"https:\/\/thepeakplanner.com\/en\/blog\/#primaryimage","url":"https:\/\/thepeakplanner.com\/wp-content\/uploads\/2025\/03\/15.png","contentUrl":"https:\/\/thepeakplanner.com\/wp-content\/uploads\/2025\/03\/15.png","width":1800,"height":1013},{"@type":"BreadcrumbList","@id":"https:\/\/thepeakplanner.com\/en\/blog\/#breadcrumb","itemListElement":[{"@type":"ListItem","position":1,"name":"Home","item":"https:\/\/thepeakplanner.com\/"},{"@type":"ListItem","position":2,"name":"Blog"}]},{"@type":"WebSite","@id":"https:\/\/thepeakplanner.com\/en\/#website","url":"https:\/\/thepeakplanner.com\/en\/","name":"Der Peakplanner","description":"Exklusive Hochzeitsplaner in \u00d6sterreich","publisher":{"@id":"https:\/\/thepeakplanner.com\/en\/#organization"},"potentialAction":[{"@type":"SearchAction","target":{"@type":"EntryPoint","urlTemplate":"https:\/\/thepeakplanner.com\/en\/?s={search_term_string}"},"query-input":{"@type":"PropertyValueSpecification","valueRequired":true,"valueName":"search_term_string"}}],"inLanguage":"de-AT"},{"@type":"Organization","@id":"https:\/\/thepeakplanner.com\/en\/#organization","name":"Der Peakplanner","url":"https:\/\/thepeakplanner.com\/en\/","logo":{"@type":"ImageObject","inLanguage":"de-AT","@id":"https:\/\/thepeakplanner.com\/en\/#\/schema\/logo\/image\/","url":"https:\/\/thepeakplanner.com\/wp-content\/uploads\/2024\/12\/The-peakplanner-84-x-55-mm.png","contentUrl":"https:\/\/thepeakplanner.com\/wp-content\/uploads\/2024\/12\/The-peakplanner-84-x-55-mm.png","width":620,"height":406,"caption":"The Peakplanner"},"image":{"@id":"https:\/\/thepeakplanner.com\/en\/#\/schema\/logo\/image\/"}}]}},"_links":{"self":[{"href":"https:\/\/thepeakplanner.com\/de\/wp-json\/wp\/v2\/pages\/10128","targetHints":{"allow":["GET"]}}],"collection":[{"href":"https:\/\/thepeakplanner.com\/de\/wp-json\/wp\/v2\/pages"}],"about":[{"href":"https:\/\/thepeakplanner.com\/de\/wp-json\/wp\/v2\/types\/page"}],"author":[{"embeddable":true,"href":"https:\/\/thepeakplanner.com\/de\/wp-json\/wp\/v2\/users\/1"}],"replies":[{"embeddable":true,"href":"https:\/\/thepeakplanner.com\/de\/wp-json\/wp\/v2\/comments?post=10128"}],"version-history":[{"count":16,"href":"https:\/\/thepeakplanner.com\/de\/wp-json\/wp\/v2\/pages\/10128\/revisions"}],"predecessor-version":[{"id":11495,"href":"https:\/\/thepeakplanner.com\/de\/wp-json\/wp\/v2\/pages\/10128\/revisions\/11495"}],"wp:featuredmedia":[{"embeddable":true,"href":"https:\/\/thepeakplanner.com\/de\/wp-json\/wp\/v2\/media\/9949"}],"wp:attachment":[{"href":"https:\/\/thepeakplanner.com\/de\/wp-json\/wp\/v2\/media?parent=10128"}],"curies":[{"name":"wp","href":"https:\/\/api.w.org\/{rel}","templated":true}]}}